{"id":45,"date":"2013-07-26T23:01:15","date_gmt":"2013-07-26T21:01:15","guid":{"rendered":"http:\/\/themes.kadencethemes.com\/virtue\/?page_id=45"},"modified":"2023-03-18T11:54:23","modified_gmt":"2023-03-18T10:54:23","slug":"kontakt","status":"publish","type":"page","link":"https:\/\/www.johannes-janssen.com\/kommunal\/kontakt\/","title":{"rendered":"Kontakt"},"content":{"rendered":"<div id=\"pl-45\"  class=\"panel-layout\" ><div id=\"pg-45-0\"  class=\"panel-grid panel-no-style\" ><div id=\"pgc-45-0-0\"  class=\"panel-grid-cell\" ><div id=\"panel-45-0-0-0\" class=\"so-panel widget widget_text panel-first-child panel-last-child\" data-index=\"0\" >\t\t\t<div class=\"textwidget\"><p>Unser Team steht Ihnen bei Fragen, Anregungen und W\u00fcnschen gerne telefonisch oder direkt vor Ort zur Verf\u00fcgung.<\/p>\n<\/div>\n\t\t<\/div><\/div><\/div><div id=\"pg-45-1\"  class=\"panel-grid panel-no-style\" ><div id=\"pgc-45-1-0\"  class=\"panel-grid-cell\" ><div id=\"panel-45-1-0-0\" class=\"so-panel widget widget_sow-editor panel-first-child panel-last-child\" data-index=\"1\" ><div\n\t\t\t\n\t\t\tclass=\"so-widget-sow-editor so-widget-sow-editor-base\"\n\t\t\t\n\t\t>\n<div class=\"siteorigin-widget-tinymce textwidget\">\n\t<div class=\"row\"><\/p>\n<div class=\"span6\" style=\"text-align: center;\">\n<br \/>\n<i class=\"icon-map-marker\" style=\"font-size:25px; color:#008d22;\"><\/i><\/p>\n<p>Greilack 65<br \/>\n47546 Kalkar-Niederm\u00f6rmter<\/p>\n<p><i class=\"icon-phone\" style=\"font-size:25px; color:#008d22;\"><\/i><\/p>\n<p>0 28 24 - 92 39 0<\/p>\n<p><i class=\"icon-print\" style=\"font-size:25px; color:#008d22;\"><\/i><\/p>\n<p>0 28 24 - 47 30<\/p>\n<p><i class=\"icon-envelope-alt\" style=\"font-size:25px; color:#008d22;\"><\/i><\/p>\n<p><a href=\"mailto:info@johannes-janssen.com\">info@johannes-janssen.com<\/a><\/p>\n<\/div>\n<p><\/div>\n<\/div>\n<\/div><\/div><\/div><div id=\"pgc-45-1-1\"  class=\"panel-grid-cell\" ><div id=\"panel-45-1-1-0\" class=\"so-panel widget widget_sow-editor panel-first-child panel-last-child\" data-index=\"2\" ><div\n\t\t\t\n\t\t\tclass=\"so-widget-sow-editor so-widget-sow-editor-base\"\n\t\t\t\n\t\t>\n<div class=\"siteorigin-widget-tinymce textwidget\">\n\t<h5 style=\"text-align: center;\">Nutzen Sie unser Kontaktformular f\u00fcr eine schnelle Anfrage!<\/h5>\n\n<div class=\"wpcf7 no-js\" id=\"wpcf7-f2537-o1\" lang=\"de-DE\" dir=\"ltr\">\n<div class=\"screen-reader-response\"><p role=\"status\" aria-live=\"polite\" aria-atomic=\"true\"><\/p> <ul><\/ul><\/div>\n<form action=\"\/kommunal\/wp-json\/wp\/v2\/pages\/45#wpcf7-f2537-o1\" method=\"post\" class=\"wpcf7-form init wpcf7-acceptance-as-validation\" aria-label=\"Kontaktformular\" novalidate=\"novalidate\" data-status=\"init\">\n<div style=\"display: none;\">\n<input type=\"hidden\" name=\"_wpcf7\" value=\"2537\" \/>\n<input type=\"hidden\" name=\"_wpcf7_version\" value=\"5.9.8\" \/>\n<input type=\"hidden\" name=\"_wpcf7_locale\" value=\"de_DE\" \/>\n<input type=\"hidden\" name=\"_wpcf7_unit_tag\" value=\"wpcf7-f2537-o1\" \/>\n<input type=\"hidden\" name=\"_wpcf7_container_post\" value=\"0\" \/>\n<input type=\"hidden\" name=\"_wpcf7_posted_data_hash\" value=\"\" \/>\n<\/div>\n<p><label>Ihr Name (Pflichtfeld)<br \/>\n<span class=\"wpcf7-form-control-wrap\" data-name=\"your-name\"><input size=\"40\" maxlength=\"400\" class=\"wpcf7-form-control wpcf7-text wpcf7-validates-as-required\" aria-required=\"true\" aria-invalid=\"false\" value=\"\" type=\"text\" name=\"your-name\" \/><\/span> <\/label>\n<\/p>\n<p><label>E-Mail-Adresse (Pflichtfeld)<br \/>\n<span class=\"wpcf7-form-control-wrap\" data-name=\"your-email\"><input size=\"40\" maxlength=\"400\" class=\"wpcf7-form-control wpcf7-email wpcf7-validates-as-required wpcf7-text wpcf7-validates-as-email\" aria-required=\"true\" aria-invalid=\"false\" value=\"\" type=\"email\" name=\"your-email\" \/><\/span> <\/label>\n<\/p>\n<p><label>Betreff<br \/>\n<span class=\"wpcf7-form-control-wrap\" data-name=\"your-subject\"><input size=\"40\" maxlength=\"400\" class=\"wpcf7-form-control wpcf7-text\" aria-invalid=\"false\" value=\"\" type=\"text\" name=\"your-subject\" \/><\/span> <\/label>\n<\/p>\n<p><label>Nachricht<br \/>\n<span class=\"wpcf7-form-control-wrap\" data-name=\"your-message\"><textarea cols=\"40\" rows=\"10\" maxlength=\"2000\" class=\"wpcf7-form-control wpcf7-textarea\" aria-invalid=\"false\" name=\"your-message\"><\/textarea><\/span> <\/label>\n<\/p>\n<p><b>Einwilligung personenbezogene Daten<\/b><br \/>\n<span class=\"wpcf7-form-control-wrap\" data-name=\"acceptance-282\"><span class=\"wpcf7-form-control wpcf7-acceptance\"><span class=\"wpcf7-list-item\"><label><input type=\"checkbox\" name=\"acceptance-282\" value=\"1\" aria-invalid=\"false\" \/><span class=\"wpcf7-list-item-label\">Ich stimme zu, dass meine Angaben aus dem Kontaktformular zur Beantwortung meiner Anfrage erhoben und verarbeitet werden. Die Daten werden nach abgeschlossener Bearbeitung Ihrer Anfrage gel\u00f6scht. \n\nHinweis: Sie k\u00f6nnen Ihre Einwilligung jederzeit f\u00fcr die Zukunft per E-Mail an info@johannes-janssen.com widerrufen. \n\nDetaillierte Informationen zum Umgang mit Nutzerdaten finden Sie in unserer <a href=\"https:\/\/www.johannes-janssen.com\/kommunal\/datenschutz\/\" target=\"_blank\">Datenschutzerkl\u00e4rung<\/a>.<\/span><\/label><\/span><\/span><\/span>\n<\/p>\n<p>&nbsp;\n<\/p>\n<p><b>Bitte beantworten Sie die Sicherheitsabfrage (Pflichtfeld)<\/b><br \/>\n<span class=\"wpcf7-form-control-wrap\" data-name=\"quiz-701\"><label><span class=\"wpcf7-quiz-label\">1+1=?<\/span> <input size=\"40\" class=\"wpcf7-form-control wpcf7-quiz\" autocomplete=\"off\" aria-required=\"true\" aria-invalid=\"false\" type=\"text\" name=\"quiz-701\" \/><\/label><input type=\"hidden\" name=\"_wpcf7_quiz_answer_quiz-701\" value=\"bede63a9f05fbf4baea929594c5a31da\" \/><\/span>\n<\/p>\n<p><input class=\"wpcf7-form-control wpcf7-submit has-spinner\" type=\"submit\" value=\"Senden\" \/>\n<\/p><div class=\"wpcf7-response-output\" aria-hidden=\"true\"><\/div>\n<\/form>\n<\/div>\n\n<\/div>\n<\/div><\/div><\/div><\/div><\/div>","protected":false},"excerpt":{"rendered":"<p>Unser Team steht Ihnen bei Fragen, Anregungen und W\u00fcnschen gerne telefonisch oder direkt vor Ort zur Verf\u00fcgung. Nutzen Sie unser Kontaktformular f\u00fcr eine schnelle Anfrage!<\/p>\n","protected":false},"author":1,"featured_media":0,"parent":0,"menu_order":10,"comment_status":"closed","ping_status":"closed","template":"page-contact.php","meta":{"kt_blocks_editor_width":"","footnotes":""},"class_list":["post-45","page","type-page","status-publish","hentry"],"_links":{"self":[{"href":"https:\/\/www.johannes-janssen.com\/kommunal\/wp-json\/wp\/v2\/pages\/45"}],"collection":[{"href":"https:\/\/www.johannes-janssen.com\/kommunal\/wp-json\/wp\/v2\/pages"}],"about":[{"href":"https:\/\/www.johannes-janssen.com\/kommunal\/wp-json\/wp\/v2\/types\/page"}],"author":[{"embeddable":true,"href":"https:\/\/www.johannes-janssen.com\/kommunal\/wp-json\/wp\/v2\/users\/1"}],"replies":[{"embeddable":true,"href":"https:\/\/www.johannes-janssen.com\/kommunal\/wp-json\/wp\/v2\/comments?post=45"}],"version-history":[{"count":63,"href":"https:\/\/www.johannes-janssen.com\/kommunal\/wp-json\/wp\/v2\/pages\/45\/revisions"}],"predecessor-version":[{"id":2863,"href":"https:\/\/www.johannes-janssen.com\/kommunal\/wp-json\/wp\/v2\/pages\/45\/revisions\/2863"}],"wp:attachment":[{"href":"https:\/\/www.johannes-janssen.com\/kommunal\/wp-json\/wp\/v2\/media?parent=45"}],"curies":[{"name":"wp","href":"https:\/\/api.w.org\/{rel}","templated":true}]}}