{"id":43,"date":"2013-07-26T22:57:55","date_gmt":"2013-07-26T20:57:55","guid":{"rendered":"http:\/\/themes.kadencethemes.com\/virtue\/?page_id=43"},"modified":"2023-03-14T17:40:41","modified_gmt":"2023-03-14T16:40:41","slug":"projects","status":"publish","type":"page","link":"https:\/\/www.johannes-janssen.com\/kommunal\/projects\/","title":{"rendered":"Dienstleistungen"},"content":{"rendered":"<div id=\"pl-43\"  class=\"panel-layout\" ><div id=\"pg-43-0\"  class=\"panel-grid panel-has-style\" ><div class=\"panel-row-style panel-row-style-for-43-0\" ><div id=\"pgc-43-0-0\"  class=\"panel-grid-cell\" ><div id=\"panel-43-0-0-0\" class=\"so-panel widget widget_text panel-first-child panel-last-child\" data-index=\"0\" ><h3 class=\"widget-title\">INDUSTRIELLE UND KOMMUNALE LANDSCHAFTSPFLEGE<\/h3>\t\t\t<div class=\"textwidget\"><p style=\"font-weight: 400;\">Bundesweit, so wie im grenznahen Ausland, sind wir im Bereich der industriellen und kommunalen Landschaftspflege t\u00e4tig. Unsere Dienstleistungsschwerpunkte sind dabei, Arbeiten im Gleis- und Stra\u00dfenbereich.<\/p>\n<p style=\"font-weight: 400;\">Unsere Auftraggeber sind u. a. die \u00f6ffentliche Hand, Industrieunternehmen, Energieversorger, die Deutsche Bahn AG sowie private und \u00f6ffentliche Eisenbahn- und Gleisbetreiber. Unser Fachpersonal f\u00fchrt die Auftr\u00e4ge mit Spezialger\u00e4ten sorgf\u00e4ltig und termingerecht durch. Das pers\u00f6nliche Gespr\u00e4ch und eine Ortsbesichtigung, durch unseren Vertrieb, sind f\u00fcr uns Bestandteil einer kompetenten Beratung.<\/p>\n<\/div>\n\t\t<\/div><\/div><\/div><\/div><\/div>","protected":false},"excerpt":{"rendered":"<p>Bundesweit, so wie im grenznahen Ausland, sind wir im Bereich der industriellen und kommunalen Landschaftspflege t\u00e4tig. Unsere Dienstleistungsschwerpunkte sind dabei, Arbeiten im Gleis- und Stra\u00dfenbereich. Unsere Auftraggeber sind u. a. die \u00f6ffentliche Hand, Industrieunternehmen, Energieversorger, die Deutsche Bahn AG sowie &hellip; <a href=\"https:\/\/www.johannes-janssen.com\/kommunal\/projects\/\">Weiter<\/a><\/p>\n","protected":false},"author":1,"featured_media":0,"parent":0,"menu_order":2,"comment_status":"open","ping_status":"closed","template":"page-portfolio.php","meta":{"kt_blocks_editor_width":"","footnotes":""},"class_list":["post-43","page","type-page","status-publish","hentry"],"_links":{"self":[{"href":"https:\/\/www.johannes-janssen.com\/kommunal\/wp-json\/wp\/v2\/pages\/43"}],"collection":[{"href":"https:\/\/www.johannes-janssen.com\/kommunal\/wp-json\/wp\/v2\/pages"}],"about":[{"href":"https:\/\/www.johannes-janssen.com\/kommunal\/wp-json\/wp\/v2\/types\/page"}],"author":[{"embeddable":true,"href":"https:\/\/www.johannes-janssen.com\/kommunal\/wp-json\/wp\/v2\/users\/1"}],"replies":[{"embeddable":true,"href":"https:\/\/www.johannes-janssen.com\/kommunal\/wp-json\/wp\/v2\/comments?post=43"}],"version-history":[{"count":15,"href":"https:\/\/www.johannes-janssen.com\/kommunal\/wp-json\/wp\/v2\/pages\/43\/revisions"}],"predecessor-version":[{"id":2702,"href":"https:\/\/www.johannes-janssen.com\/kommunal\/wp-json\/wp\/v2\/pages\/43\/revisions\/2702"}],"wp:attachment":[{"href":"https:\/\/www.johannes-janssen.com\/kommunal\/wp-json\/wp\/v2\/media?parent=43"}],"curies":[{"name":"wp","href":"https:\/\/api.w.org\/{rel}","templated":true}]}}