{"id":1280,"date":"2018-03-14T11:27:27","date_gmt":"2018-03-14T10:27:27","guid":{"rendered":"http:\/\/localhost:8888\/?page_id=1280"},"modified":"2020-03-09T14:52:02","modified_gmt":"2020-03-09T13:52:02","slug":"downloads","status":"publish","type":"page","link":"https:\/\/www.johannes-janssen.com\/agrar\/downloads\/","title":{"rendered":"Downloads"},"content":{"rendered":"<div id=\"pl-1280\"  class=\"panel-layout\" ><div id=\"pg-1280-0\"  class=\"panel-grid panel-has-style\" ><div class=\"panel-row-style panel-row-style-for-1280-0\" ><div id=\"pgc-1280-0-0\"  class=\"panel-grid-cell\" ><div id=\"panel-1280-0-0-0\" class=\"so-panel widget widget_text panel-first-child\" data-index=\"0\" ><h3 class=\"widget-title\">Freistellungsbescheinigung<\/h3>\t\t\t<div class=\"textwidget\"><p>Die g\u00fcltige Freistellungsbescheinigung ab 25.07.2019 der Agrar Service Strauch GmbH steht hier f\u00fcr Sie zum download bereit.<\/p>\n<\/div>\n\t\t<\/div><div id=\"panel-1280-0-0-1\" class=\"so-panel widget widget_text\" data-index=\"1\" ><h3 class=\"widget-title\">G\u00fclle-Transport<\/h3>\t\t\t<div class=\"textwidget\"><p>Informationen zum G\u00fclle-Transport erhalten Sie hier.<\/p>\n<\/div>\n\t\t<\/div><div id=\"panel-1280-0-0-2\" class=\"so-panel widget widget_text panel-last-child\" data-index=\"2\" ><h3 class=\"widget-title\">organische D\u00fcngung &#8211; Biomasseaufbereiter &#8211; Baumschnitt &#038; Co.<\/h3>\t\t\t<div class=\"textwidget\"><p>Informationen zur organischen D\u00fcngung &#8211; Biomasseaufbereiter &#8211; Baumschnitt &amp; Co. finden Sie hier.<\/p>\n<\/div>\n\t\t<\/div><\/div><div id=\"pgc-1280-0-1\"  class=\"panel-grid-cell\" ><div id=\"panel-1280-0-1-0\" class=\"so-panel widget widget_sow-button panel-first-child\" data-index=\"3\" ><div\n\t\t\t\n\t\t\tclass=\"so-widget-sow-button so-widget-sow-button-atom-44f1f8267f77-1280\"\n\t\t\t\n\t\t><div class=\"ow-button-base ow-button-align-center\"\n>\n\t\t\t<a\n\t\t\t\t\thref=\"https:\/\/www.johannes-janssen.com\/wp-content\/uploads\/2020\/03\/Freistellungsbescheinigung-bis-30.06.2022.pdf\"\n\t\t\t\t\tclass=\"sowb-button ow-icon-placement-left ow-button-hover\" target=\"_blank\" rel=\"noopener noreferrer\" \t>\n\t\t<span>\n\t\t\t\n\t\t\tDOWNLOAD\t\t<\/span>\n\t\t\t<\/a>\n\t<\/div>\n<\/div><\/div><div id=\"panel-1280-0-1-1\" class=\"so-panel widget widget_sow-button\" data-index=\"4\" ><div class=\"panel-widget-style panel-widget-style-for-1280-0-1-1\" ><div\n\t\t\t\n\t\t\tclass=\"so-widget-sow-button so-widget-sow-button-atom-44f1f8267f77-1280\"\n\t\t\t\n\t\t><div class=\"ow-button-base ow-button-align-center\"\n>\n\t\t\t<a\n\t\t\t\t\thref=\"https:\/\/www.johannes-janssen.com\/wp-content\/uploads\/2018\/08\/Kundeninfo-G\u00fclle.pdf\"\n\t\t\t\t\tclass=\"sowb-button ow-icon-placement-left ow-button-hover\" target=\"_blank\" rel=\"noopener noreferrer\" \t>\n\t\t<span>\n\t\t\t\n\t\t\tDOWNLOAD\t\t<\/span>\n\t\t\t<\/a>\n\t<\/div>\n<\/div><\/div><\/div><div id=\"panel-1280-0-1-2\" class=\"so-panel widget widget_sow-button panel-last-child\" data-index=\"5\" ><div class=\"panel-widget-style panel-widget-style-for-1280-0-1-2\" ><div\n\t\t\t\n\t\t\tclass=\"so-widget-sow-button so-widget-sow-button-atom-44f1f8267f77-1280\"\n\t\t\t\n\t\t><div class=\"ow-button-base ow-button-align-center\"\n>\n\t\t\t<a\n\t\t\t\t\thref=\"https:\/\/www.johannes-janssen.com\/wp-content\/uploads\/2018\/08\/Kundeninfo-organische-D\u00fcngung.pdf\"\n\t\t\t\t\tclass=\"sowb-button ow-icon-placement-left ow-button-hover\" target=\"_blank\" rel=\"noopener noreferrer\" \t>\n\t\t<span>\n\t\t\t\n\t\t\tDOWNLOAD\t\t<\/span>\n\t\t\t<\/a>\n\t<\/div>\n<\/div><\/div><\/div><\/div><\/div><\/div><\/div>","protected":false},"excerpt":{"rendered":"<p>Die g\u00fcltige Freistellungsbescheinigung ab 25.07.2019 der Agrar Service Strauch GmbH steht hier f\u00fcr Sie zum download bereit. Informationen zum G\u00fclle-Transport erhalten Sie hier. Informationen zur organischen D\u00fcngung &#8211; Biomasseaufbereiter &#8211; Baumschnitt &amp; Co. finden Sie hier.<\/p>\n","protected":false},"author":1,"featured_media":0,"parent":0,"menu_order":0,"comment_status":"closed","ping_status":"closed","template":"page-fullwidth.php","meta":{"kt_blocks_editor_width":"","footnotes":""},"class_list":["post-1280","page","type-page","status-publish","hentry"],"_links":{"self":[{"href":"https:\/\/www.johannes-janssen.com\/agrar\/wp-json\/wp\/v2\/pages\/1280"}],"collection":[{"href":"https:\/\/www.johannes-janssen.com\/agrar\/wp-json\/wp\/v2\/pages"}],"about":[{"href":"https:\/\/www.johannes-janssen.com\/agrar\/wp-json\/wp\/v2\/types\/page"}],"author":[{"embeddable":true,"href":"https:\/\/www.johannes-janssen.com\/agrar\/wp-json\/wp\/v2\/users\/1"}],"replies":[{"embeddable":true,"href":"https:\/\/www.johannes-janssen.com\/agrar\/wp-json\/wp\/v2\/comments?post=1280"}],"version-history":[{"count":24,"href":"https:\/\/www.johannes-janssen.com\/agrar\/wp-json\/wp\/v2\/pages\/1280\/revisions"}],"predecessor-version":[{"id":1659,"href":"https:\/\/www.johannes-janssen.com\/agrar\/wp-json\/wp\/v2\/pages\/1280\/revisions\/1659"}],"wp:attachment":[{"href":"https:\/\/www.johannes-janssen.com\/agrar\/wp-json\/wp\/v2\/media?parent=1280"}],"curies":[{"name":"wp","href":"https:\/\/api.w.org\/{rel}","templated":true}]}}